{"id":264,"date":"2024-10-08T14:26:38","date_gmt":"2024-10-08T14:26:38","guid":{"rendered":"https:\/\/doublestudio.es\/?page_id=264"},"modified":"2024-10-16T13:53:22","modified_gmt":"2024-10-16T13:53:22","slug":"ficha-contacto","status":"publish","type":"page","link":"https:\/\/doublestudio.es\/?page_id=264","title":{"rendered":"FICHA CONTACTO"},"content":{"rendered":"\t\t<div data-elementor-type=\"wp-page\" data-elementor-id=\"264\" class=\"elementor elementor-264\" data-elementor-post-type=\"page\">\n\t\t\t\t<div class=\"elementor-element elementor-element-4793737 e-con-full e-flex e-con e-parent\" data-id=\"4793737\" data-element_type=\"container\" data-e-type=\"container\" data-settings=\"{&quot;background_background&quot;:&quot;classic&quot;}\">\n\t\t<div class=\"elementor-element elementor-element-154dffd e-con-full e-flex e-con e-child\" data-id=\"154dffd\" data-element_type=\"container\" data-e-type=\"container\" data-settings=\"{&quot;background_background&quot;:&quot;classic&quot;}\">\n\t\t<div class=\"elementor-element elementor-element-691ddd8 e-con-full e-flex e-con e-child\" data-id=\"691ddd8\" data-element_type=\"container\" data-e-type=\"container\">\n\t\t<div class=\"elementor-element elementor-element-a7b4bbb e-con-full e-flex e-con e-child\" data-id=\"a7b4bbb\" data-element_type=\"container\" data-e-type=\"container\">\n\t\t\t\t<div class=\"elementor-element elementor-element-5db6af0 elementor-widget elementor-widget-image\" data-id=\"5db6af0\" data-element_type=\"widget\" data-e-type=\"widget\" data-widget_type=\"image.default\">\n\t\t\t\t<div class=\"elementor-widget-container\">\n\t\t\t\t\t\t\t\t\t\t\t\t\t\t\t\t<a href=\"https:\/\/doublestudio.es\/\">\n\t\t\t\t\t\t\t<img decoding=\"async\" width=\"300\" height=\"83\" src=\"https:\/\/doublestudio.es\/wp-content\/uploads\/2024\/10\/Recurso-7-copia-2-300x83.png\" class=\"attachment-medium size-medium wp-image-391\" alt=\"\" srcset=\"https:\/\/doublestudio.es\/wp-content\/uploads\/2024\/10\/Recurso-7-copia-2-300x83.png 300w, https:\/\/doublestudio.es\/wp-content\/uploads\/2024\/10\/Recurso-7-copia-2-1024x284.png 1024w, https:\/\/doublestudio.es\/wp-content\/uploads\/2024\/10\/Recurso-7-copia-2-768x213.png 768w, https:\/\/doublestudio.es\/wp-content\/uploads\/2024\/10\/elementor\/thumbs\/Recurso-7-copia-2-qvn5du7qyepkjz5f13aj4j28k1zdi0otkfrn3w1ft6.png 1w, https:\/\/doublestudio.es\/wp-content\/uploads\/2024\/10\/elementor\/thumbs\/Recurso-7-copia-2-qvn5du7t4wq1qmt871rbth0aihqj1lvf4f1ba5ieic.png 180w, https:\/\/doublestudio.es\/wp-content\/uploads\/2024\/10\/Recurso-7-copia-2.png 1483w\" sizes=\"(max-width: 300px) 100vw, 300px\" \/>\t\t\t\t\t\t\t\t<\/a>\n\t\t\t\t\t\t\t\t\t\t\t\t\t\t\t<\/div>\n\t\t\t\t<\/div>\n\t\t\t\t<\/div>\n\t\t<div class=\"elementor-element elementor-element-c479798 e-con-full e-flex e-con e-child\" data-id=\"c479798\" data-element_type=\"container\" data-e-type=\"container\">\n\t\t\t\t<\/div>\n\t\t<div class=\"elementor-element elementor-element-d5e9976 e-con-full e-flex e-con e-child\" data-id=\"d5e9976\" data-element_type=\"container\" data-e-type=\"container\">\n\t\t\t\t<\/div>\n\t\t<div class=\"elementor-element elementor-element-ca644fb e-con-full e-flex e-con e-child\" data-id=\"ca644fb\" data-element_type=\"container\" data-e-type=\"container\">\n\t\t\t\t<div class=\"elementor-element elementor-element-4523691 elementor-align-left elementor-mobile-align-center elementor-widget elementor-widget-button\" data-id=\"4523691\" data-element_type=\"widget\" data-e-type=\"widget\" data-widget_type=\"button.default\">\n\t\t\t\t<div class=\"elementor-widget-container\">\n\t\t\t\t\t\t\t\t\t<div class=\"elementor-button-wrapper\">\n\t\t\t\t\t<a class=\"elementor-button elementor-button-link elementor-size-sm\" href=\"https:\/\/doublestudio.es\/\">\n\t\t\t\t\t\t<span class=\"elementor-button-content-wrapper\">\n\t\t\t\t\t\t\t\t\t<span class=\"elementor-button-text\">VOLVER<\/span>\n\t\t\t\t\t<\/span>\n\t\t\t\t\t<\/a>\n\t\t\t\t<\/div>\n\t\t\t\t\t\t\t\t<\/div>\n\t\t\t\t<\/div>\n\t\t\t\t<\/div>\n\t\t\t\t<\/div>\n\t\t\t\t<\/div>\n\t\t\t\t<\/div>\n\t\t<div class=\"elementor-element elementor-element-bf8ffac e-con-full animated-slow e-flex elementor-invisible e-con e-parent\" data-id=\"bf8ffac\" data-element_type=\"container\" data-e-type=\"container\" data-settings=\"{&quot;background_background&quot;:&quot;classic&quot;,&quot;animation&quot;:&quot;fadeIn&quot;}\">\n\t\t\t\t<div class=\"elementor-element elementor-element-9d51c95 elementor-widget elementor-widget-heading\" data-id=\"9d51c95\" data-element_type=\"widget\" data-e-type=\"widget\" data-widget_type=\"heading.default\">\n\t\t\t\t<div class=\"elementor-widget-container\">\n\t\t\t\t\t<h2 class=\"elementor-heading-title elementor-size-default\">Rellena la Ficha de Contacto<\/h2>\t\t\t\t<\/div>\n\t\t\t\t<\/div>\n\t\t<div class=\"elementor-element elementor-element-f2ee05a e-con-full e-flex e-con e-child\" data-id=\"f2ee05a\" data-element_type=\"container\" data-e-type=\"container\">\n\t\t\t\t<div class=\"elementor-element elementor-element-6f83300 elementor-widget elementor-widget-text-editor\" data-id=\"6f83300\" data-element_type=\"widget\" data-e-type=\"widget\" data-widget_type=\"text-editor.default\">\n\t\t\t\t<div class=\"elementor-widget-container\">\n\t\t\t\t\t\t\t\t\t<p data-pm-slice=\"0 0 []\">\u00a1Esta ficha ser\u00e1 nuestra primera toma de contacto!&nbsp;<\/p>\n<p data-pm-slice=\"0 0 []\">Nos dar\u00e1s las primeras pinceladas de tu proyecto y de lo que buscas, y as\u00ed nosotros podremos darte una atenci\u00f3n lo m\u00e1s personalizada posible.<\/p>\t\t\t\t\t\t\t\t<\/div>\n\t\t\t\t<\/div>\n\t\t\t\t<\/div>\n\t\t\t\t<div class=\"elementor-element elementor-element-b607d43 elementor-button-align-center elementor-widget elementor-widget-form\" data-id=\"b607d43\" data-element_type=\"widget\" data-e-type=\"widget\" data-settings=\"{&quot;step_next_label&quot;:&quot;Siguiente&quot;,&quot;step_previous_label&quot;:&quot;Previous&quot;,&quot;button_width&quot;:&quot;100&quot;,&quot;step_type&quot;:&quot;number_text&quot;,&quot;step_icon_shape&quot;:&quot;circle&quot;}\" data-widget_type=\"form.default\">\n\t\t\t\t<div class=\"elementor-widget-container\">\n\t\t\t\t\t\t\t<form class=\"elementor-form\" method=\"post\" name=\"Contacto Ficha\">\n\t\t\t<input type=\"hidden\" name=\"post_id\" value=\"264\"\/>\n\t\t\t<input type=\"hidden\" name=\"form_id\" value=\"b607d43\"\/>\n\t\t\t<input type=\"hidden\" name=\"referer_title\" value=\"\" \/>\n\n\t\t\t\n\t\t\t<div class=\"elementor-form-fields-wrapper elementor-labels-above\">\n\t\t\t\t\t\t\t\t<div class=\"elementor-field-type-text elementor-field-group elementor-column elementor-field-group-name elementor-col-50 elementor-field-required\">\n\t\t\t\t\t\t\t\t\t\t\t\t<label for=\"form-field-name\" class=\"elementor-field-label\">\n\t\t\t\t\t\t\t\t\u00bfComo te llamas? *\t\t\t\t\t\t\t<\/label>\n\t\t\t\t\t\t\t\t\t\t\t\t\t\t<input size=\"1\" type=\"text\" name=\"form_fields[name]\" id=\"form-field-name\" class=\"elementor-field elementor-size-lg  elementor-field-textual\" placeholder=\"Nombre\" required=\"required\" aria-required=\"true\">\n\t\t\t\t\t\t\t\t\t\t\t<\/div>\n\t\t\t\t\t\t\t\t<div class=\"elementor-field-type-text elementor-field-group elementor-column elementor-field-group-email elementor-col-50 elementor-field-required\">\n\t\t\t\t\t\t\t\t\t\t\t\t<label for=\"form-field-email\" class=\"elementor-field-label\">\n\t\t\t\t\t\t\t\t*\t\t\t\t\t\t\t<\/label>\n\t\t\t\t\t\t\t\t\t\t\t\t\t\t<input size=\"1\" type=\"text\" name=\"form_fields[email]\" id=\"form-field-email\" class=\"elementor-field elementor-size-lg  elementor-field-textual\" placeholder=\"Apellido\" required=\"required\" aria-required=\"true\">\n\t\t\t\t\t\t\t\t\t\t\t<\/div>\n\t\t\t\t\t\t\t\t<div class=\"elementor-field-type-email elementor-field-group elementor-column elementor-field-group-message elementor-col-50 elementor-field-required\">\n\t\t\t\t\t\t\t\t\t\t\t\t<label for=\"form-field-message\" class=\"elementor-field-label\">\n\t\t\t\t\t\t\t\tD\u00e9janos tus datos de contacto*\t\t\t\t\t\t\t<\/label>\n\t\t\t\t\t\t\t\t\t\t\t\t\t\t<input size=\"1\" type=\"email\" name=\"form_fields[message]\" id=\"form-field-message\" class=\"elementor-field elementor-size-lg  elementor-field-textual\" placeholder=\"Email\" required=\"required\" aria-required=\"true\">\n\t\t\t\t\t\t\t\t\t\t\t<\/div>\n\t\t\t\t\t\t\t\t<div class=\"elementor-field-type-number elementor-field-group elementor-column elementor-field-group-field_1e6f709 elementor-col-50\">\n\t\t\t\t\t\t\t\t\t\t\t\t<label for=\"form-field-field_1e6f709\" class=\"elementor-field-label\">\n\t\t\t\t\t\t\t\tN\u00famero de Contacto\t\t\t\t\t\t\t<\/label>\n\t\t\t\t\t\t\t\t\t<input type=\"number\" name=\"form_fields[field_1e6f709]\" id=\"form-field-field_1e6f709\" class=\"elementor-field elementor-size-lg  elementor-field-textual\" placeholder=\"tel\u00e9fono\" min=\"\" max=\"\" >\n\t\t\t\t\t\t<\/div>\n\t\t\t\t\t\t\t\t<div class=\"elementor-field-type-text elementor-field-group elementor-column elementor-field-group-field_46205c5 elementor-col-100 elementor-field-required\">\n\t\t\t\t\t\t\t\t\t\t\t\t<label for=\"form-field-field_46205c5\" class=\"elementor-field-label\">\n\t\t\t\t\t\t\t\tCu\u00e9ntanos acerca del proyecto.\t\t\t\t\t\t\t<\/label>\n\t\t\t\t\t\t\t\t\t\t\t\t\t\t<input size=\"1\" type=\"text\" name=\"form_fields[field_46205c5]\" id=\"form-field-field_46205c5\" class=\"elementor-field elementor-size-lg  elementor-field-textual\" placeholder=\"Describre brevemente lo que necesitas, si tienes alguna idea en mente o si necesitas asesoramiento completo, etc.\" required=\"required\" aria-required=\"true\">\n\t\t\t\t\t\t\t\t\t\t\t<\/div>\n\t\t\t\t\t\t\t\t<div class=\"elementor-field-type-checkbox elementor-field-group elementor-column elementor-field-group-field_3462712 elementor-col-100\">\n\t\t\t\t\t\t\t\t\t\t\t\t<label for=\"form-field-field_3462712\" class=\"elementor-field-label\">\n\t\t\t\t\t\t\t\t\u00bfQu\u00e9 servicios te interesan?\t\t\t\t\t\t\t<\/label>\n\t\t\t\t\t\t<div class=\"elementor-field-subgroup  elementor-subgroup-inline\"><span class=\"elementor-field-option\"><input type=\"checkbox\" value=\"Proyecto de Interiorismo 2D\" id=\"form-field-field_3462712-0\" name=\"form_fields[field_3462712][]\"> <label for=\"form-field-field_3462712-0\">Proyecto de Interiorismo 2D<\/label><\/span><span class=\"elementor-field-option\"><input type=\"checkbox\" value=\"Proyecto de Interiorismo 3D\" id=\"form-field-field_3462712-1\" name=\"form_fields[field_3462712][]\"> <label for=\"form-field-field_3462712-1\">Proyecto de Interiorismo 3D<\/label><\/span><span class=\"elementor-field-option\"><input type=\"checkbox\" value=\"Consultor\u00eda de Interiorismo\" id=\"form-field-field_3462712-2\" name=\"form_fields[field_3462712][]\"> <label for=\"form-field-field_3462712-2\">Consultor\u00eda de Interiorismo<\/label><\/span><span class=\"elementor-field-option\"><input type=\"checkbox\" value=\"Decoraci\u00f3n y Atrezo de Espacios\" id=\"form-field-field_3462712-3\" name=\"form_fields[field_3462712][]\"> <label for=\"form-field-field_3462712-3\">Decoraci\u00f3n y Atrezo de Espacios<\/label><\/span><\/div>\t\t\t\t<\/div>\n\t\t\t\t\t\t\t\t<div class=\"elementor-field-type-checkbox elementor-field-group elementor-column elementor-field-group-field_fb2ece7 elementor-col-100\">\n\t\t\t\t\t\t\t\t\t\t\t\t<label for=\"form-field-field_fb2ece7\" class=\"elementor-field-label\">\n\t\t\t\t\t\t\t\t\u00bfDe que espacio se trata?\t\t\t\t\t\t\t<\/label>\n\t\t\t\t\t\t<div class=\"elementor-field-subgroup  elementor-subgroup-inline\"><span class=\"elementor-field-option\"><input type=\"checkbox\" value=\"Vivienda\" id=\"form-field-field_fb2ece7-0\" name=\"form_fields[field_fb2ece7][]\"> <label for=\"form-field-field_fb2ece7-0\">Vivienda<\/label><\/span><span class=\"elementor-field-option\"><input type=\"checkbox\" value=\"Hotel\" id=\"form-field-field_fb2ece7-1\" name=\"form_fields[field_fb2ece7][]\"> <label for=\"form-field-field_fb2ece7-1\">Hotel<\/label><\/span><span class=\"elementor-field-option\"><input type=\"checkbox\" value=\"Restaurante\" id=\"form-field-field_fb2ece7-2\" name=\"form_fields[field_fb2ece7][]\"> <label for=\"form-field-field_fb2ece7-2\">Restaurante<\/label><\/span><span class=\"elementor-field-option\"><input type=\"checkbox\" value=\"Otro\" id=\"form-field-field_fb2ece7-3\" name=\"form_fields[field_fb2ece7][]\"> <label for=\"form-field-field_fb2ece7-3\">Otro<\/label><\/span><\/div>\t\t\t\t<\/div>\n\t\t\t\t\t\t\t\t<div class=\"elementor-field-group elementor-column elementor-field-type-submit elementor-col-100 e-form__buttons\">\n\t\t\t\t\t<button type=\"submit\" class=\"elementor-button elementor-size-sm\">\n\t\t\t\t\t\t<span >\n\t\t\t\t\t\t\t\t\t\t\t\t\t\t\t<span class=\" elementor-button-icon\">\n\t\t\t\t\t\t\t\t\t\t\t\t\t\t\t\t\t\t\t\t\t\t\t\t\t\t<\/span>\n\t\t\t\t\t\t\t\t\t\t\t\t\t\t\t\t\t\t\t\t\t\t<span class=\"elementor-button-text\">\u00a1Enviar!<\/span>\n\t\t\t\t\t\t\t\t\t\t\t\t\t<\/span>\n\t\t\t\t\t<\/button>\n\t\t\t\t<\/div>\n\t\t\t<\/div>\n\t\t<\/form>\n\t\t\t\t\t\t<\/div>\n\t\t\t\t<\/div>\n\t\t\t\t<\/div>\n\t\t<div class=\"elementor-element elementor-element-472d9b2 e-flex e-con-boxed e-con e-parent\" data-id=\"472d9b2\" data-element_type=\"container\" data-e-type=\"container\" data-settings=\"{&quot;background_background&quot;:&quot;classic&quot;}\">\n\t\t\t\t\t<div class=\"e-con-inner\">\n\t\t\t\t<div class=\"elementor-element elementor-element-b632029 elementor-shape-rounded elementor-grid-0 e-grid-align-center elementor-widget elementor-widget-social-icons\" data-id=\"b632029\" data-element_type=\"widget\" data-e-type=\"widget\" data-widget_type=\"social-icons.default\">\n\t\t\t\t<div class=\"elementor-widget-container\">\n\t\t\t\t\t\t\t<div class=\"elementor-social-icons-wrapper elementor-grid\">\n\t\t\t\t\t\t\t<span class=\"elementor-grid-item\">\n\t\t\t\t\t<a class=\"elementor-icon elementor-social-icon elementor-social-icon-instagram elementor-repeater-item-769fac8\" href=\"https:\/\/www.instagram.com\/double_s_____\/\" target=\"_blank\">\n\t\t\t\t\t\t<span class=\"elementor-screen-only\">Instagram<\/span>\n\t\t\t\t\t\t<svg aria-hidden=\"true\" class=\"e-font-icon-svg e-fab-instagram\" viewBox=\"0 0 448 512\" xmlns=\"http:\/\/www.w3.org\/2000\/svg\"><path d=\"M224.1 141c-63.6 0-114.9 51.3-114.9 114.9s51.3 114.9 114.9 114.9S339 319.5 339 255.9 287.7 141 224.1 141zm0 189.6c-41.1 0-74.7-33.5-74.7-74.7s33.5-74.7 74.7-74.7 74.7 33.5 74.7 74.7-33.6 74.7-74.7 74.7zm146.4-194.3c0 14.9-12 26.8-26.8 26.8-14.9 0-26.8-12-26.8-26.8s12-26.8 26.8-26.8 26.8 12 26.8 26.8zm76.1 27.2c-1.7-35.9-9.9-67.7-36.2-93.9-26.2-26.2-58-34.4-93.9-36.2-37-2.1-147.9-2.1-184.9 0-35.8 1.7-67.6 9.9-93.9 36.1s-34.4 58-36.2 93.9c-2.1 37-2.1 147.9 0 184.9 1.7 35.9 9.9 67.7 36.2 93.9s58 34.4 93.9 36.2c37 2.1 147.9 2.1 184.9 0 35.9-1.7 67.7-9.9 93.9-36.2 26.2-26.2 34.4-58 36.2-93.9 2.1-37 2.1-147.8 0-184.8zM398.8 388c-7.8 19.6-22.9 34.7-42.6 42.6-29.5 11.7-99.5 9-132.1 9s-102.7 2.6-132.1-9c-19.6-7.8-34.7-22.9-42.6-42.6-11.7-29.5-9-99.5-9-132.1s-2.6-102.7 9-132.1c7.8-19.6 22.9-34.7 42.6-42.6 29.5-11.7 99.5-9 132.1-9s102.7-2.6 132.1 9c19.6 7.8 34.7 22.9 42.6 42.6 11.7 29.5 9 99.5 9 132.1s2.7 102.7-9 132.1z\"><\/path><\/svg>\t\t\t\t\t<\/a>\n\t\t\t\t<\/span>\n\t\t\t\t\t<\/div>\n\t\t\t\t\t\t<\/div>\n\t\t\t\t<\/div>\n\t\t\t\t\t<\/div>\n\t\t\t\t<\/div>\n\t\t\t\t<\/div>\n\t\t","protected":false},"excerpt":{"rendered":"<p>VOLVER Rellena la Ficha de Contacto \u00a1Esta ficha ser\u00e1 nuestra primera toma de contacto!&nbsp; Nos dar\u00e1s las primeras pinceladas de tu proyecto y de lo que buscas, y as\u00ed nosotros podremos darte una atenci\u00f3n lo m\u00e1s personalizada posible. Instagram<\/p>\n","protected":false},"author":1,"featured_media":0,"parent":0,"menu_order":0,"comment_status":"closed","ping_status":"closed","template":"elementor_canvas","meta":{"footnotes":""},"class_list":["post-264","page","type-page","status-publish","hentry"],"_links":{"self":[{"href":"https:\/\/doublestudio.es\/index.php?rest_route=\/wp\/v2\/pages\/264","targetHints":{"allow":["GET"]}}],"collection":[{"href":"https:\/\/doublestudio.es\/index.php?rest_route=\/wp\/v2\/pages"}],"about":[{"href":"https:\/\/doublestudio.es\/index.php?rest_route=\/wp\/v2\/types\/page"}],"author":[{"embeddable":true,"href":"https:\/\/doublestudio.es\/index.php?rest_route=\/wp\/v2\/users\/1"}],"replies":[{"embeddable":true,"href":"https:\/\/doublestudio.es\/index.php?rest_route=%2Fwp%2Fv2%2Fcomments&post=264"}],"version-history":[{"count":37,"href":"https:\/\/doublestudio.es\/index.php?rest_route=\/wp\/v2\/pages\/264\/revisions"}],"predecessor-version":[{"id":589,"href":"https:\/\/doublestudio.es\/index.php?rest_route=\/wp\/v2\/pages\/264\/revisions\/589"}],"wp:attachment":[{"href":"https:\/\/doublestudio.es\/index.php?rest_route=%2Fwp%2Fv2%2Fmedia&parent=264"}],"curies":[{"name":"wp","href":"https:\/\/api.w.org\/{rel}","templated":true}]}}